{"id":30744,"date":"2021-10-12T16:27:24","date_gmt":"2021-10-12T16:27:24","guid":{"rendered":"https:\/\/newmi.eu\/contact\/"},"modified":"2025-11-06T19:04:12","modified_gmt":"2025-11-06T19:04:12","slug":"contact","status":"publish","type":"page","link":"https:\/\/newmi.eu\/en\/contact\/","title":{"rendered":"Contact"},"content":{"rendered":"\t\t<div data-elementor-type=\"wp-page\" data-elementor-id=\"30744\" class=\"elementor elementor-30744 elementor-4439\">\n\t\t\t\t<div class=\"wd-negative-gap elementor-element elementor-element-b6d6b30 e-flex e-con-boxed e-con e-parent\" data-id=\"b6d6b30\" data-element_type=\"container\" data-e-type=\"container\" data-settings=\"{&quot;background_background&quot;:&quot;classic&quot;}\">\n\t\t\t\t\t<div class=\"e-con-inner\">\n\t\t<div class=\"elementor-element elementor-element-19d95bb e-con-full e-flex e-con e-child\" data-id=\"19d95bb\" data-element_type=\"container\" data-e-type=\"container\" data-settings=\"{&quot;background_background&quot;:&quot;classic&quot;}\">\n\t\t\t\t<div class=\"elementor-element elementor-element-9c62ee2 elementor-widget__width-initial wd-width-100 elementor-widget elementor-widget-wd_title\" data-id=\"9c62ee2\" data-element_type=\"widget\" data-e-type=\"widget\" data-widget_type=\"wd_title.default\">\n\t\t\t\t<div class=\"elementor-widget-container\">\n\t\t\t\t\t\t\t<div class=\"title-wrapper wd-set-mb reset-last-child wd-title-color-default wd-title-style-default wd-title-size-default text-left\">\n\n\t\t\t\n\t\t\t<div class=\"liner-continer\">\n\t\t\t\t<h4 class=\"woodmart-title-container title wd-fontsize-l\">Contact us<\/h4> \n\t\t\t\t\t\t\t<\/div>\n\n\t\t\t\t\t\t\t<div class=\"title-after_title reset-last-child wd-fontsize-xs\">\n\t\t\t\t\t<p> <\/p><p>Our mirrors live in your interiors. Contact us if you have questions or concerns. Share your feedback, and if you have an interesting idea, we'd love to discuss it. Because we're here for you. And we continuously improve our products.<b><\/b><\/p>\t\t\t\t<\/div>\n\t\t\t\t\t<\/div>\n\t\t\t\t\t\t<\/div>\n\t\t\t\t<\/div>\n\t\t\t\t<div class=\"elementor-element elementor-element-ca508f2 elementor-widget elementor-widget-wd_text_block\" data-id=\"ca508f2\" data-element_type=\"widget\" data-e-type=\"widget\" data-widget_type=\"wd_text_block.default\">\n\t\t\t\t<div class=\"elementor-widget-container\">\n\t\t\t\t\t\t\t<div class=\"wd-text-block reset-last-child text-left\">\n\t\t\t\n\t\t\t<p>Contact information<\/p>\n\t\t\t\t\t<\/div>\n\t\t\t\t\t\t<\/div>\n\t\t\t\t<\/div>\n\t\t\t\t<div class=\"elementor-element elementor-element-c6a7afa elementor-align-start elementor-widget__width-initial elementor-widget-tablet__width-initial elementor-icon-list--layout-traditional elementor-list-item-link-full_width elementor-widget elementor-widget-icon-list\" data-id=\"c6a7afa\" data-element_type=\"widget\" data-e-type=\"widget\" data-widget_type=\"icon-list.default\">\n\t\t\t\t\t\t\t<ul class=\"elementor-icon-list-items\">\n\t\t\t\t\t\t\t<li class=\"elementor-icon-list-item\">\n\t\t\t\t\t\t\t\t\t\t\t<span class=\"elementor-icon-list-icon\">\n\t\t\t\t\t\t\t<svg xmlns=\"http:\/\/www.w3.org\/2000\/svg\" width=\"16\" height=\"20\" viewBox=\"0 0 16 20\" fill=\"none\"><path d=\"M2.70047 0.43899L3.93085 0.0949794C5.08379 -0.227371 6.31556 0.293579 6.80939 1.31232L7.7919 3.33967C8.22013 4.22312 7.98253 5.26203 7.20447 5.90815L5.03957 7.70616C5.17315 8.7816 5.5863 9.8406 6.27899 10.8832C6.97179 11.9257 7.83693 12.7905 8.87453 13.4776L11.4748 12.7189C12.4604 12.4313 13.5337 12.7618 14.1383 13.539L15.5466 15.3495C16.2495 16.2529 16.1231 17.4993 15.251 18.2653L14.3165 19.0862C13.3863 19.9033 12.0577 20.1997 10.8287 19.8643C7.9271 19.0723 5.25933 16.7211 2.8253 12.8107C0.387738 8.8945 -0.472547 5.57189 0.244446 2.84289C0.54616 1.69457 1.48046 0.78009 2.70047 0.43899Z\" fill=\"white\"><\/path><\/svg>\t\t\t\t\t\t<\/span>\n\t\t\t\t\t\t\t\t\t\t<span class=\"elementor-icon-list-text\">+48 575 644 678<\/span>\n\t\t\t\t\t\t\t\t\t<\/li>\n\t\t\t\t\t\t\t\t<li class=\"elementor-icon-list-item\">\n\t\t\t\t\t\t\t\t\t\t\t<span class=\"elementor-icon-list-icon\">\n\t\t\t\t\t\t\t<svg xmlns=\"http:\/\/www.w3.org\/2000\/svg\" width=\"22\" height=\"16\" viewBox=\"0 0 22 16\" fill=\"none\"><path d=\"M22 4.608V12.75C22 14.483 20.5079 15.8992 18.6278 15.9949L18.425 16H3.575C1.66867 16 0.110825 14.6435 0.00565407 12.9344L0 12.75V4.608L10.6172 9.6644C10.857 9.7785 11.143 9.7785 11.3828 9.6644L22 4.608ZM3.575 0H18.425C20.2782 0 21.8021 1.28191 21.9822 2.92355L11 8.1533L0.0178091 2.92355C0.191246 1.34271 1.61075 0.0954499 3.3705 0.00522995L3.575 0Z\" fill=\"white\"><\/path><\/svg>\t\t\t\t\t\t<\/span>\n\t\t\t\t\t\t\t\t\t\t<span class=\"elementor-icon-list-text\">contact@miior.com order@miior.com<\/span>\n\t\t\t\t\t\t\t\t\t<\/li>\n\t\t\t\t\t\t\t\t<li class=\"elementor-icon-list-item\">\n\t\t\t\t\t\t\t\t\t\t\t<span class=\"elementor-icon-list-icon\">\n\t\t\t\t\t\t\t<svg xmlns=\"http:\/\/www.w3.org\/2000\/svg\" width=\"16\" height=\"20\" viewBox=\"0 0 16 20\" fill=\"none\"><path d=\"M2.70047 0.43899L3.93085 0.0949794C5.08379 -0.227371 6.31556 0.293579 6.80939 1.31232L7.7919 3.33967C8.22013 4.22312 7.98253 5.26203 7.20447 5.90815L5.03957 7.70616C5.17315 8.7816 5.5863 9.8406 6.27899 10.8832C6.97179 11.9257 7.83693 12.7905 8.87453 13.4776L11.4748 12.7189C12.4604 12.4313 13.5337 12.7618 14.1383 13.539L15.5466 15.3495C16.2495 16.2529 16.1231 17.4993 15.251 18.2653L14.3165 19.0862C13.3863 19.9033 12.0577 20.1997 10.8287 19.8643C7.9271 19.0723 5.25933 16.7211 2.8253 12.8107C0.387738 8.8945 -0.472547 5.57189 0.244446 2.84289C0.54616 1.69457 1.48046 0.78009 2.70047 0.43899Z\" fill=\"white\"><\/path><\/svg>\t\t\t\t\t\t<\/span>\n\t\t\t\t\t\t\t\t\t\t<span class=\"elementor-icon-list-text\">ul. \u017bwirowa 28, 05-506 Wilcza G\u00f3ra<\/span>\n\t\t\t\t\t\t\t\t\t<\/li>\n\t\t\t\t\t\t<\/ul>\n\t\t\t\t\t\t<\/div>\n\t\t\t\t<div class=\"elementor-element elementor-element-de04251 elementor-widget elementor-widget-wd_text_block\" data-id=\"de04251\" data-element_type=\"widget\" data-e-type=\"widget\" data-widget_type=\"wd_text_block.default\">\n\t\t\t\t<div class=\"elementor-widget-container\">\n\t\t\t\t\t\t\t<div class=\"wd-text-block reset-last-child text-left\">\n\t\t\t\n\t\t\t<p><strong>Additional information<\/strong><\/p><p>Miior 7 Sp. z o.o. <br>Address ul. \u017bwirowa 28, 05-506 Wilcza G\u00f3ra<br>Warsaw KRS 551943<br>NIP 7010476452<br>REGON: 361233658<\/p>\n\t\t\t\t\t<\/div>\n\t\t\t\t\t\t<\/div>\n\t\t\t\t<\/div>\n\t\t\t\t<\/div>\n\t\t<div class=\"elementor-element elementor-element-8f4a844 e-con-full e-flex e-con e-child\" data-id=\"8f4a844\" data-element_type=\"container\" data-e-type=\"container\">\n\t\t\t\t<div class=\"elementor-element elementor-element-07706eb elementor-widget elementor-widget-shortcode\" data-id=\"07706eb\" data-element_type=\"widget\" data-e-type=\"widget\" data-widget_type=\"shortcode.default\">\n\t\t\t\t\t\t\t<div class=\"elementor-shortcode\"><div class='fluentform ff-default fluentform_wrapper_3 ffs_default_wrap'><form data-form_id=\"3\" id=\"fluentform_3\" class=\"frm-fluent-form fluent_form_3 ff-el-form-top ff_form_instance_3_1 ff-form-loading ffs_default\" data-form_instance=\"ff_form_instance_3_1\" method=\"POST\" ><fieldset  style=\"border: none!important;margin: 0!important;padding: 0!important;background-color: transparent!important;box-shadow: none!important;outline: none!important; min-inline-size: 100%;\">\n                    <legend class=\"ff_screen_reader_title\" style=\"display: block; margin: 0!important;padding: 0!important;height: 0!important;text-indent: -999999px;width: 0!important;overflow:hidden;\">Formularz Kontaktowy<\/legend><input type='hidden' name='__fluent_form_embded_post_id' value='30744' \/><input type=\"hidden\" id=\"_fluentform_3_fluentformnonce\" name=\"_fluentform_3_fluentformnonce\" value=\"c0bcd6c7aa\" \/><input type=\"hidden\" name=\"_wp_http_referer\" value=\"\/en\/wp-json\/wp\/v2\/pages\/30744\" \/><div data-type=\"name-element\" data-name=\"names\" class=\" ff-field_container ff-name-field-wrapper\" ><div class='ff-t-container'><div class='ff-t-cell '><div class='ff-el-group ff-el-form-top'><div class=\"ff-el-input--label ff-el-is-required asterisk-right\"><label for='ff_3_names_first_name_' id='label_ff_3_names_first_name_' >Imi\u0119 i Nazwisko<\/label><\/div><div class='ff-el-input--content'><input type=\"text\" name=\"names[first_name]\" id=\"ff_3_names_first_name_\" class=\"ff-el-form-control\" placeholder=\"Wpisz swoje Imi\u0119 i Nazwisko\" aria-invalid=\"false\" aria-required=true><\/div><\/div><\/div><\/div><\/div><div class='ff-el-group'><div class=\"ff-el-input--label ff-el-is-required asterisk-right\"><label for='ff_3_email' id='label_ff_3_email' aria-label=\"E-mail\">E-mail<\/label><\/div><div class='ff-el-input--content'><input type=\"email\" name=\"email\" id=\"ff_3_email\" class=\"ff-el-form-control\" placeholder=\"Adres e-mail\" data-name=\"email\"  aria-invalid=\"false\" aria-required=true><\/div><\/div><div class='ff-el-group'><div class=\"ff-el-input--label ff-el-is-required asterisk-right\"><label for='ff_3_input_text' id='label_ff_3_input_text' aria-label=\"Telefon\">Telefon<\/label><\/div><div class='ff-el-input--content'><input type=\"text\" name=\"input_text\" class=\"ff-el-form-control\" placeholder=\"+48 XXX XXX XXX\" maxlength=\"15\" data-name=\"input_text\" id=\"ff_3_input_text\"  aria-invalid=\"false\" aria-required=true><\/div><\/div><div class='ff-el-group'><div class=\"ff-el-input--label ff-el-is-required asterisk-right\"><label for='ff_3_input_text_1' id='label_ff_3_input_text_1' aria-label=\"Wiadomo\u015b\u0107\">Wiadomo\u015b\u0107<\/label><\/div><div class='ff-el-input--content'><input type=\"text\" name=\"input_text_1\" class=\"ff-el-form-control\" data-name=\"input_text_1\" id=\"ff_3_input_text_1\"  aria-invalid=\"false\" aria-required=true><\/div><\/div><div class='ff-el-group'><div class=\"ff-el-input--label ff-el-is-required asterisk-right\"><label   aria-label=\"Informacja o ochronie danych osobowych\">Informacja o ochronie danych osobowych<\/label><\/div><div class='ff-el-input--content'><div class='ff-el-form-check ff-el-form-check-'><label class='ff-el-form-check-label' for='checkbox_7fb9fc97aa7a3a7bf165aaa3b0e5684a'><input  type=\"checkbox\" name=\"checkbox[]\" data-name=\"checkbox\" class=\"ff-el-form-check-input ff-el-form-check-checkbox\" value=\"Administratorem Twoich danych osobowych jest Miior 7 Sp. z o.o., z siedzib\u0105 ul. Marywilska 34, 03-228 Warszawa KRS 551943 NIP 7010476452 REGON: 361233658. Twoje dane wykorzystujemy wy\u0142\u0105cznie w celu obs\u0142ugi Twojego zapytania.\"  id='checkbox_7fb9fc97aa7a3a7bf165aaa3b0e5684a' aria-label='Administratorem Twoich danych osobowych jest Miior 7 Sp. z o.o., z siedzib\u0105 ul. Marywilska 34, 03-228 Warszawa KRS 551943 NIP 7010476452 REGON: 361233658. Twoje dane wykorzystujemy wy\u0142\u0105cznie w celu obs\u0142ugi Twojego zapytania.' aria-invalid='false' aria-required=true> <span>Administratorem Twoich danych osobowych jest Miior 7 Sp. z o.o., z siedzib\u0105 ul. Marywilska 34, 03-228 Warszawa KRS 551943 NIP 7010476452 REGON: 361233658. Twoje dane wykorzystujemy wy\u0142\u0105cznie w celu obs\u0142ugi Twojego zapytania.<\/span><\/label><\/div><div class='ff-el-form-check ff-el-form-check-'><label class='ff-el-form-check-label' for='checkbox_8d81aa4bb73b964cf4dce4ec155d1bff'><input  type=\"checkbox\" name=\"checkbox[]\" data-name=\"checkbox\" class=\"ff-el-form-check-input ff-el-form-check-checkbox\" value=\"Wyra\u017cam zgod\u0119 na otrzymywanie od Miior 7 Sp. z o.o. informacji handlowych i marketingowych drog\u0105 elektroniczn\u0105 oraz telefoniczn\u0105. Wiem, \u017ce mog\u0119 wycofa\u0107 zgod\u0119 w dowolnym momencie.\"  id='checkbox_8d81aa4bb73b964cf4dce4ec155d1bff' aria-label='Wyra\u017cam zgod\u0119 na otrzymywanie od Miior 7 Sp. z o.o. informacji handlowych i marketingowych drog\u0105 elektroniczn\u0105 oraz telefoniczn\u0105. Wiem, \u017ce mog\u0119 wycofa\u0107 zgod\u0119 w dowolnym momencie.' aria-invalid='false' aria-required=true> <span>Wyra\u017cam zgod\u0119 na otrzymywanie od Miior 7 Sp. z o.o. informacji handlowych i marketingowych drog\u0105 elektroniczn\u0105 oraz telefoniczn\u0105. Wiem, \u017ce mog\u0119 wycofa\u0107 zgod\u0119 w dowolnym momencie.<\/span><\/label><\/div><\/div><\/div><div class='ff-el-group  ff-custom_html' tabindex='-1' data-name=\"custom_html-3_1\" ><p><span style=\"color: #e10000\">*Pola obowi\u0105zkowe<\/span><\/p>\n<div id=\"gtx-trans\" style=\"position: absolute;left: -67px;top: -10px\">\n<div class=\"gtx-trans-icon\">\u00a0<\/div>\n<\/div><\/div><div class='ff-el-group ff-text-left ff_submit_btn_wrapper ff_submit_btn_wrapper_custom'><button class=\"ff-btn ff-btn-submit ff-btn-lg ff_btn_style wpf_has_custom_css\" type=\"submit\" name=\"custom_submit_button-3_2\" data-name=\"custom_submit_button-3_2\"  aria-label=\"Wy\u015blij\">Wy\u015blij<\/button><style>form.fluent_form_3 .wpf_has_custom_css.ff-btn-submit { background-color:rgba(226, 0, 29, 1);color:#ffffff;border-radius:0px;min-width:100%; }form.fluent_form_3 .wpf_has_custom_css.ff-btn-submit:hover { background-color:rgba(226, 0, 29, 1);color:rgba(255, 255, 255, 1);border-radius:0px;min-width:100%; } <\/style><\/div><\/fieldset><\/form><div id='fluentform_3_errors' class='ff-errors-in-stack ff_form_instance_3_1 ff-form-loading_errors ff_form_instance_3_1_errors'><\/div><\/div>            <script type=\"text\/javascript\">\n                window.fluent_form_ff_form_instance_3_1 = {\"id\":\"3\",\"settings\":{\"layout\":{\"labelPlacement\":\"top\",\"asteriskPlacement\":\"asterisk-right\",\"helpMessagePlacement\":\"with_label\",\"errorMessagePlacement\":\"inline\",\"cssClassName\":\"\"},\"restrictions\":{\"denyEmptySubmission\":{\"enabled\":false}}},\"form_instance\":\"ff_form_instance_3_1\",\"form_id_selector\":\"fluentform_3\",\"rules\":{\"names[first_name]\":{\"required\":{\"value\":true,\"message\":\"To pole jest wymagane\",\"global_message\":\"This field is required\",\"global\":false}},\"names[middle_name]\":{\"required\":{\"value\":false,\"message\":\"This field is required\",\"global_message\":\"This field is required\",\"global\":true}},\"names[last_name]\":{\"required\":{\"value\":false,\"message\":\"This field is required\",\"global_message\":\"This field is required\",\"global\":true}},\"email\":{\"required\":{\"value\":true,\"message\":\"To pole jest wymagane\",\"global_message\":\"This field is required\",\"global\":false},\"email\":{\"value\":true,\"message\":\"To pole musi zawiera\\u0107 prawid\\u0142owy adres e-mail\",\"global_message\":\"This field must contain a valid email\",\"global\":false}},\"input_text\":{\"required\":{\"value\":true,\"message\":\"To pole jest wymagane\",\"global_message\":\"This field is required\",\"global\":false}},\"input_text_1\":{\"required\":{\"value\":true,\"message\":\"To pole jest wymagane\",\"global_message\":\"This field is required\",\"global\":false}},\"checkbox\":{\"required\":{\"value\":true,\"message\":\"To pole jest wymagane\",\"global_message\":\"This field is required\",\"global\":false}}},\"debounce_time\":300};\n                            <\/script>\n            <\/div>\n\t\t\t\t\t\t<\/div>\n\t\t\t\t<\/div>\n\t\t\t\t\t<\/div>\n\t\t\t\t<\/div>\n\t\t<div class=\"wd-negative-gap elementor-element elementor-element-fc1814f e-flex e-con-boxed e-con e-parent\" data-id=\"fc1814f\" data-element_type=\"container\" data-e-type=\"container\">\n\t\t\t\t\t<div class=\"e-con-inner\">\n\t\t\t\t<div class=\"elementor-element elementor-element-718f077 elementor-widget elementor-widget-google_maps\" data-id=\"718f077\" data-element_type=\"widget\" data-e-type=\"widget\" data-widget_type=\"google_maps.default\">\n\t\t\t\t\t\t\t<div class=\"elementor-custom-embed\">\n\t\t\t<iframe loading=\"lazy\"\n\t\t\t\t\tsrc=\"https:\/\/maps.google.com\/maps?q=ul.%20%C5%BBwirowa%2028%2C%2005-506%20Wilcza%20G%C3%B3ra&#038;t=m&#038;z=14&#038;output=embed&#038;iwloc=near\"\n\t\t\t\t\ttitle=\"ul. \u017bwirowa 28, 05-506 Wilcza G\u00f3ra\"\n\t\t\t\t\taria-label=\"ul. \u017bwirowa 28, 05-506 Wilcza G\u00f3ra\"\n\t\t\t><\/iframe>\n\t\t<\/div>\n\t\t\t\t\t\t<\/div>\n\t\t\t\t\t<\/div>\n\t\t\t\t<\/div>\n\t\t\t\t<\/div>\n\t\t","protected":false},"excerpt":{"rendered":"<p>Contact us Our mirrors live in your interiors. Contact us if you have questions or concerns. Share your feedback, and<\/p>\n","protected":false},"author":1,"featured_media":0,"parent":0,"menu_order":0,"comment_status":"closed","ping_status":"closed","template":"","meta":{"footnotes":""},"class_list":["post-30744","page","type-page","status-publish","hentry"],"yoast_head":"<!-- This site is optimized with the Yoast SEO plugin v27.0 - https:\/\/yoast.com\/product\/yoast-seo-wordpress\/ -->\n<title>Contact - Newmi: Producent luster wysuwnych<\/title>\n<meta name=\"robots\" content=\"index, follow, max-snippet:-1, max-image-preview:large, max-video-preview:-1\" \/>\n<link rel=\"canonical\" href=\"https:\/\/newmi.eu\/en\/contact\/\" \/>\n<meta property=\"og:locale\" content=\"en_US\" \/>\n<meta property=\"og:type\" content=\"article\" \/>\n<meta property=\"og:title\" content=\"Contact - Newmi: Producent luster wysuwnych\" \/>\n<meta property=\"og:description\" content=\"Contact us Our mirrors live in your interiors. Contact us if you have questions or concerns. Share your feedback, and\" \/>\n<meta property=\"og:url\" content=\"https:\/\/newmi.eu\/en\/contact\/\" \/>\n<meta property=\"og:site_name\" content=\"Newmi: Producent luster wysuwnych\" \/>\n<meta property=\"article:modified_time\" content=\"2025-11-06T19:04:12+00:00\" \/>\n<meta name=\"twitter:card\" content=\"summary_large_image\" \/>\n<script type=\"application\/ld+json\" class=\"yoast-schema-graph\">{\"@context\":\"https:\/\/schema.org\",\"@graph\":[{\"@type\":\"WebPage\",\"@id\":\"https:\/\/newmi.eu\/en\/contact\/\",\"url\":\"https:\/\/newmi.eu\/en\/contact\/\",\"name\":\"Contact - Newmi: Producent luster wysuwnych\",\"isPartOf\":{\"@id\":\"https:\/\/newmi.eu\/en\/#website\"},\"datePublished\":\"2021-10-12T16:27:24+00:00\",\"dateModified\":\"2025-11-06T19:04:12+00:00\",\"breadcrumb\":{\"@id\":\"https:\/\/newmi.eu\/en\/contact\/#breadcrumb\"},\"inLanguage\":\"en-US\",\"potentialAction\":[{\"@type\":\"ReadAction\",\"target\":[\"https:\/\/newmi.eu\/en\/contact\/\"]}]},{\"@type\":\"BreadcrumbList\",\"@id\":\"https:\/\/newmi.eu\/en\/contact\/#breadcrumb\",\"itemListElement\":[{\"@type\":\"ListItem\",\"position\":1,\"name\":\"Home\",\"item\":\"https:\/\/newmi.eu\/en\/home\/\"},{\"@type\":\"ListItem\",\"position\":2,\"name\":\"Contact\"}]},{\"@type\":\"WebSite\",\"@id\":\"https:\/\/newmi.eu\/en\/#website\",\"url\":\"https:\/\/newmi.eu\/en\/\",\"name\":\"newmi\",\"description\":\"Po Prostu Komfort\",\"publisher\":{\"@id\":\"https:\/\/newmi.eu\/en\/#organization\"},\"potentialAction\":[{\"@type\":\"SearchAction\",\"target\":{\"@type\":\"EntryPoint\",\"urlTemplate\":\"https:\/\/newmi.eu\/en\/?s={search_term_string}\"},\"query-input\":{\"@type\":\"PropertyValueSpecification\",\"valueRequired\":true,\"valueName\":\"search_term_string\"}}],\"inLanguage\":\"en-US\"},{\"@type\":\"Organization\",\"@id\":\"https:\/\/newmi.eu\/en\/#organization\",\"name\":\"newmi\",\"url\":\"https:\/\/newmi.eu\/en\/\",\"logo\":{\"@type\":\"ImageObject\",\"inLanguage\":\"en-US\",\"@id\":\"https:\/\/newmi.eu\/en\/#\/schema\/logo\/image\/\",\"url\":\"https:\/\/newmi.eu\/wp-content\/uploads\/2025\/09\/logo-newmi.svg\",\"contentUrl\":\"https:\/\/newmi.eu\/wp-content\/uploads\/2025\/09\/logo-newmi.svg\",\"width\":2971,\"height\":905,\"caption\":\"newmi\"},\"image\":{\"@id\":\"https:\/\/newmi.eu\/en\/#\/schema\/logo\/image\/\"}}]}<\/script>\n<!-- \/ Yoast SEO plugin. -->","yoast_head_json":{"title":"Contact - Newmi: Producent luster wysuwnych","robots":{"index":"index","follow":"follow","max-snippet":"max-snippet:-1","max-image-preview":"max-image-preview:large","max-video-preview":"max-video-preview:-1"},"canonical":"https:\/\/newmi.eu\/en\/contact\/","og_locale":"en_US","og_type":"article","og_title":"Contact - Newmi: Producent luster wysuwnych","og_description":"Contact us Our mirrors live in your interiors. Contact us if you have questions or concerns. Share your feedback, and","og_url":"https:\/\/newmi.eu\/en\/contact\/","og_site_name":"Newmi: Producent luster wysuwnych","article_modified_time":"2025-11-06T19:04:12+00:00","twitter_card":"summary_large_image","schema":{"@context":"https:\/\/schema.org","@graph":[{"@type":"WebPage","@id":"https:\/\/newmi.eu\/en\/contact\/","url":"https:\/\/newmi.eu\/en\/contact\/","name":"Contact - Newmi: Producent luster wysuwnych","isPartOf":{"@id":"https:\/\/newmi.eu\/en\/#website"},"datePublished":"2021-10-12T16:27:24+00:00","dateModified":"2025-11-06T19:04:12+00:00","breadcrumb":{"@id":"https:\/\/newmi.eu\/en\/contact\/#breadcrumb"},"inLanguage":"en-US","potentialAction":[{"@type":"ReadAction","target":["https:\/\/newmi.eu\/en\/contact\/"]}]},{"@type":"BreadcrumbList","@id":"https:\/\/newmi.eu\/en\/contact\/#breadcrumb","itemListElement":[{"@type":"ListItem","position":1,"name":"Home","item":"https:\/\/newmi.eu\/en\/home\/"},{"@type":"ListItem","position":2,"name":"Contact"}]},{"@type":"WebSite","@id":"https:\/\/newmi.eu\/en\/#website","url":"https:\/\/newmi.eu\/en\/","name":"newmi","description":"Po Prostu Komfort","publisher":{"@id":"https:\/\/newmi.eu\/en\/#organization"},"potentialAction":[{"@type":"SearchAction","target":{"@type":"EntryPoint","urlTemplate":"https:\/\/newmi.eu\/en\/?s={search_term_string}"},"query-input":{"@type":"PropertyValueSpecification","valueRequired":true,"valueName":"search_term_string"}}],"inLanguage":"en-US"},{"@type":"Organization","@id":"https:\/\/newmi.eu\/en\/#organization","name":"newmi","url":"https:\/\/newmi.eu\/en\/","logo":{"@type":"ImageObject","inLanguage":"en-US","@id":"https:\/\/newmi.eu\/en\/#\/schema\/logo\/image\/","url":"https:\/\/newmi.eu\/wp-content\/uploads\/2025\/09\/logo-newmi.svg","contentUrl":"https:\/\/newmi.eu\/wp-content\/uploads\/2025\/09\/logo-newmi.svg","width":2971,"height":905,"caption":"newmi"},"image":{"@id":"https:\/\/newmi.eu\/en\/#\/schema\/logo\/image\/"}}]}},"_links":{"self":[{"href":"https:\/\/newmi.eu\/en\/wp-json\/wp\/v2\/pages\/30744","targetHints":{"allow":["GET"]}}],"collection":[{"href":"https:\/\/newmi.eu\/en\/wp-json\/wp\/v2\/pages"}],"about":[{"href":"https:\/\/newmi.eu\/en\/wp-json\/wp\/v2\/types\/page"}],"author":[{"embeddable":true,"href":"https:\/\/newmi.eu\/en\/wp-json\/wp\/v2\/users\/1"}],"replies":[{"embeddable":true,"href":"https:\/\/newmi.eu\/en\/wp-json\/wp\/v2\/comments?post=30744"}],"version-history":[{"count":1,"href":"https:\/\/newmi.eu\/en\/wp-json\/wp\/v2\/pages\/30744\/revisions"}],"predecessor-version":[{"id":30748,"href":"https:\/\/newmi.eu\/en\/wp-json\/wp\/v2\/pages\/30744\/revisions\/30748"}],"wp:attachment":[{"href":"https:\/\/newmi.eu\/en\/wp-json\/wp\/v2\/media?parent=30744"}],"curies":[{"name":"wp","href":"https:\/\/api.w.org\/{rel}","templated":true}]}}